{"id":50,"date":"2023-08-29T10:58:48","date_gmt":"2023-08-29T08:58:48","guid":{"rendered":"http:\/\/ledharvest.com\/?page_id=50"},"modified":"2023-09-12T00:25:46","modified_gmt":"2023-09-11T22:25:46","slug":"cel","status":"publish","type":"page","link":"https:\/\/ledharvest.com\/?page_id=50","title":{"rendered":"Cel"},"content":{"rendered":"\n<figure class=\"wp-block-image size-large is-resized\"><img fetchpriority=\"high\" decoding=\"async\" src=\"http:\/\/ledharvest.com\/wp-content\/uploads\/2023\/08\/vision-2372177_1920-1024x684.jpg\" alt=\"\" class=\"wp-image-140\" style=\"object-fit:cover;width:1296px;height:167px\" width=\"1296\" height=\"167\"\/><\/figure>\n\n\n\n<p><\/p>\n\n\n\n<p class=\"has-text-align-center\">W LED Harvest d\u0105\u017cymy do transformacji przysz\u0142o\u015bci o\u015bwietlenia poprzez wyznaczanie nowych standard\u00f3w wydajno\u015bci i zr\u00f3wnowa\u017conego rozwoju. Dzi\u0119ki wykorzystaniu zaawansowanego spektrum \u015bwiat\u0142a, nasze panele LED przewy\u017cszaj\u0105 tradycyjne \u017ar\u00f3d\u0142a, takie jak HPS, w kwestii efektywno\u015bci i osi\u0105gania lepszych rezultat\u00f3w. To spektrum \u015bwiat\u0142a, odpowiednio dopasowane do potrzeb ro\u015blin, sprawia, \u017ce nasze panele LED przynosz\u0105 wyj\u0105tkowo dobre rezultaty w zakresie wzrostu i plon\u00f3w.<\/p>\n\n\n\n<hr class=\"wp-block-separator has-text-color has-nv-c-1-color has-alpha-channel-opacity has-nv-c-1-background-color has-background\"\/>\n\n\n\n<p class=\"has-text-align-center\">Nasze rozwi\u0105zania nie tylko redukuj\u0105 zu\u017cycie energii w por\u00f3wnaniu do HPS, ale r\u00f3wnie\u017c oferuj\u0105 wi\u0119ksz\u0105 wydajno\u015b\u0107, co bezpo\u015brednio przek\u0142ada si\u0119 na zwi\u0119kszone zyski dla naszych klient\u00f3w. Nasza misja nie ogranicza si\u0119 tylko do dostarczania \u015bwiat\u0142a, lecz r\u00f3wnie\u017c do pomagania rolnikom w osi\u0105ganiu maksymalnej wydajno\u015bci i rentowno\u015bci.<\/p>\n\n\n\n<hr class=\"wp-block-separator has-text-color has-alpha-channel-opacity has-background\" style=\"background-color:#0073ed;color:#0073ed\"\/>\n\n\n\n<p class=\"has-text-align-center\">Wraz z naszym zespo\u0142em, dedykowanym pasji i innowacji, tworzymy panele LED o zoptymalizowanym spektrum, kt\u00f3re doskonale oddaj\u0105 potrzeby ro\u015blin, prowadz\u0105c do doskona\u0142ych wynik\u00f3w. To podej\u015bcie nie tylko przewy\u017csza HPS, ale tak\u017ce otwiera drzwi do lepszej przysz\u0142o\u015bci, w kt\u00f3rej efektywno\u015b\u0107, zr\u00f3wnowa\u017cenie i wy\u017csze zyski id\u0105 w parze.<\/p>\n","protected":false},"excerpt":{"rendered":"<p>W LED Harvest d\u0105\u017cymy do transformacji przysz\u0142o\u015bci o\u015bwietlenia poprzez wyznaczanie nowych standard\u00f3w wydajno\u015bci i zr\u00f3wnowa\u017conego rozwoju. Dzi\u0119ki wykorzystaniu zaawansowanego spektrum \u015bwiat\u0142a, nasze panele LED przewy\u017cszaj\u0105 tradycyjne \u017ar\u00f3d\u0142a, takie jak HPS, w kwestii efektywno\u015bci i osi\u0105gania lepszych rezultat\u00f3w. To spektrum \u015bwiat\u0142a, odpowiednio dopasowane do potrzeb ro\u015blin, sprawia, \u017ce nasze panele LED przynosz\u0105 wyj\u0105tkowo dobre rezultaty w&hellip;&nbsp;<a href=\"https:\/\/ledharvest.com\/?page_id=50\" class=\"\" rel=\"bookmark\">Read More &raquo;<span class=\"screen-reader-text\">Cel<\/span><\/a><\/p>\n","protected":false},"author":1,"featured_media":0,"parent":0,"menu_order":4,"comment_status":"closed","ping_status":"closed","template":"","meta":{"neve_meta_sidebar":"","neve_meta_container":"","neve_meta_enable_content_width":"","neve_meta_content_width":0,"neve_meta_title_alignment":"","neve_meta_author_avatar":"","neve_post_elements_order":"","neve_meta_disable_header":"","neve_meta_disable_footer":"","neve_meta_disable_title":"","footnotes":""},"class_list":["post-50","page","type-page","status-publish","hentry"],"_links":{"self":[{"href":"https:\/\/ledharvest.com\/index.php?rest_route=\/wp\/v2\/pages\/50","targetHints":{"allow":["GET"]}}],"collection":[{"href":"https:\/\/ledharvest.com\/index.php?rest_route=\/wp\/v2\/pages"}],"about":[{"href":"https:\/\/ledharvest.com\/index.php?rest_route=\/wp\/v2\/types\/page"}],"author":[{"embeddable":true,"href":"https:\/\/ledharvest.com\/index.php?rest_route=\/wp\/v2\/users\/1"}],"replies":[{"embeddable":true,"href":"https:\/\/ledharvest.com\/index.php?rest_route=%2Fwp%2Fv2%2Fcomments&post=50"}],"version-history":[{"count":16,"href":"https:\/\/ledharvest.com\/index.php?rest_route=\/wp\/v2\/pages\/50\/revisions"}],"predecessor-version":[{"id":172,"href":"https:\/\/ledharvest.com\/index.php?rest_route=\/wp\/v2\/pages\/50\/revisions\/172"}],"wp:attachment":[{"href":"https:\/\/ledharvest.com\/index.php?rest_route=%2Fwp%2Fv2%2Fmedia&parent=50"}],"curies":[{"name":"wp","href":"https:\/\/api.w.org\/{rel}","templated":true}]}}